{"id":4625,"date":"2022-07-25T18:59:04","date_gmt":"2022-07-25T18:59:04","guid":{"rendered":"http:\/\/colegioangol.cl\/New\/hestia-front-3\/"},"modified":"2025-03-17T15:16:31","modified_gmt":"2025-03-17T15:16:31","slug":"hestia-front-3","status":"publish","type":"page","link":"https:\/\/colegioangol.cl\/New\/","title":{"rendered":"P\u00e1gina de inicio"},"content":{"rendered":"\n[et_pb_section fb_built=\u00bb1&#8243; admin_label=\u00bbSecci\u00f3n\u00bb _builder_version=\u00bb4.16&#8243; background_color=\u00bb#c6c6c6&#8243; custom_padding=\u00bb||0px\u00bb global_colors_info=\u00bb{}\u00bb][et_pb_row _builder_version=\u00bb4.16&#8243; custom_margin=\u00bb-45px||||false|false\u00bb global_colors_info=\u00bb{}\u00bb][et_pb_column type=\u00bb4_4&#8243; _builder_version=\u00bb4.16&#8243; custom_padding=\u00bb|||\u00bb global_colors_info=\u00bb{}\u00bb custom_padding__hover=\u00bb|||\u00bb][et_pb_gallery gallery_ids=\u00bb5624,5625,5632,5633,5630,5628,5627,5620&#8243; gallery_orderby=\u00bbrand\u00bb fullwidth=\u00bbon\u00bb _builder_version=\u00bb4.24.2&#8243; width=\u00bb90%\u00bb module_alignment=\u00bbcenter\u00bb animation_style=\u00bbfold\u00bb auto=\u00bbon\u00bb link_option_url=\u00bbhttps:\/\/colegioangol.cl\/New\/adminsion-escolar-2023\/\u00bb module_alignment_last_edited=\u00bboff|desktop\u00bb border_width_all=\u00bb6px\u00bb border_color_all=\u00bb#7f1616&#8243; border_style_all=\u00bbdouble\u00bb global_colors_info=\u00bb{}\u00bb max_height__hover_enabled=\u00bboff|desktop\u00bb][\/et_pb_gallery][et_pb_divider divider_position=\u00bbcenter\u00bb divider_weight=\u00bb2px\u00bb _builder_version=\u00bb4.16&#8243; module_alignment=\u00bbcenter\u00bb custom_margin=\u00bb-22px||||false|false\u00bb animation_style=\u00bbfade\u00bb animation_duration=\u00bb1550ms\u00bb global_colors_info=\u00bb{}\u00bb][\/et_pb_divider][\/et_pb_column][\/et_pb_row][et_pb_row column_structure=\u00bb2_5,3_5&#8243; disabled_on=\u00bbon|off|off\u00bb _builder_version=\u00bb4.16&#8243; background_color=\u00bb#7f1616&#8243; custom_margin=\u00bb-20px||||false|false\u00bb border_radii=\u00bbon|19px|19px|19px|19px\u00bb global_colors_info=\u00bb{}\u00bb][et_pb_column type=\u00bb2_5&#8243; _builder_version=\u00bb4.16&#8243; global_colors_info=\u00bb{}\u00bb][et_pb_image src=\u00bbhttps:\/\/colegioangol.cl\/New\/wp-content\/uploads\/2020\/10\/seguir.png\u00bb title_text=\u00bbseguir\u00bb _builder_version=\u00bb4.18.0&#8243; width=\u00bb400px\u00bb width_tablet=\u00bb300px\u00bb width_phone=\u00bb\u00bb width_last_edited=\u00bbon|tablet\u00bb height_tablet=\u00bb80px\u00bb height_phone=\u00bb\u00bb height_last_edited=\u00bbon|tablet\u00bb max_height=\u00bb100px\u00bb max_height_tablet=\u00bb100px\u00bb max_height_phone=\u00bb\u00bb max_height_last_edited=\u00bbon|tablet\u00bb custom_margin=\u00bb-26px||-26px||true|false\u00bb custom_padding=\u00bb||0px||false|false\u00bb animation_style=\u00bbslide\u00bb animation_direction=\u00bbleft\u00bb animation_duration=\u00bb1500ms\u00bb animation_delay=\u00bb1050ms\u00bb animation_intensity_slide=\u00bb29%\u00bb animation_repeat=\u00bbloop\u00bb global_colors_info=\u00bb{}\u00bb][\/et_pb_image][\/et_pb_column][et_pb_column type=\u00bb3_5&#8243; _builder_version=\u00bb4.16&#8243; global_colors_info=\u00bb{}\u00bb][et_pb_social_media_follow _builder_version=\u00bb4.27.4&#8243; text_orientation=\u00bbcenter\u00bb custom_margin=\u00bb-8px||-8px|55px|true|false\u00bb custom_padding=\u00bb3px||||false|false\u00bb animation_style=\u00bbzoom\u00bb animation_direction=\u00bbleft\u00bb animation_duration=\u00bb1650ms\u00bb animation_delay=\u00bb500ms\u00bb hover_enabled=\u00bb0&#8243; global_colors_info=\u00bb{}\u00bb sticky_enabled=\u00bb0&#8243;][et_pb_social_media_follow_network social_network=\u00bbfacebook\u00bb _builder_version=\u00bb4.16&#8243; background_color=\u00bb#3b5998&#8243; custom_margin=\u00bb|40px|||false|false\u00bb custom_padding=\u00bb10px|10px|10px|10px|true|true\u00bb border_width_all=\u00bb2px\u00bb border_color_all=\u00bb#ffffff\u00bb global_colors_info=\u00bb{}\u00bb follow_button=\u00bboff\u00bb url_new_window=\u00bbon\u00bb]facebook[\/et_pb_social_media_follow_network][et_pb_social_media_follow_network social_network=\u00bbinstagram\u00bb url=\u00bbhttps:\/\/www.instagram.com\/cangoloficial2\/\u00bb _builder_version=\u00bb4.27.4&#8243; background_color=\u00bb#ea2c59&#8243; custom_margin=\u00bb|40px||40px|false|true\u00bb custom_padding=\u00bb10px|10px|10px|10px|true|true\u00bb hover_enabled=\u00bb0&#8243; border_width_all=\u00bb2px\u00bb border_color_all=\u00bb#ffffff\u00bb global_colors_info=\u00bb{}\u00bb follow_button=\u00bboff\u00bb url_new_window=\u00bbon\u00bb sticky_enabled=\u00bb0&#8243;]instagram[\/et_pb_social_media_follow_network][et_pb_social_media_follow_network social_network=\u00bbyoutube\u00bb url=\u00bbhttp:\/\/www.youtube.com\/c\/ColegioAngolOficial\u00bb _builder_version=\u00bb4.16&#8243; background_color=\u00bb#a82400&#8243; custom_margin=\u00bb|40px||40px|false|true\u00bb custom_padding=\u00bb10px|10px|10px|10px|true|true\u00bb border_width_all=\u00bb2px\u00bb border_color_all=\u00bb#ffffff\u00bb global_colors_info=\u00bb{}\u00bb follow_button=\u00bboff\u00bb url_new_window=\u00bbon\u00bb]youtube[\/et_pb_social_media_follow_network][\/et_pb_social_media_follow][\/et_pb_column][\/et_pb_row][\/et_pb_section][et_pb_section fb_built=\u00bb1&#8243; _builder_version=\u00bb4.16&#8243; background_color=\u00bb#c6c6c6&#8243; global_colors_info=\u00bb{}\u00bb][et_pb_row _builder_version=\u00bb4.16&#8243; custom_margin=\u00bb||-93px||false|false\u00bb global_colors_info=\u00bb{}\u00bb][et_pb_column type=\u00bb4_4&#8243; _builder_version=\u00bb4.16&#8243; global_colors_info=\u00bb{}\u00bb][et_pb_divider divider_weight=\u00bb2px\u00bb _builder_version=\u00bb4.16&#8243; background_color=\u00bbrgba(0,0,0,0)\u00bb width=\u00bb100%\u00bb custom_margin=\u00bb-60px||||false|false\u00bb custom_padding=\u00bb3px||0px\u00bb global_colors_info=\u00bb{}\u00bb][\/et_pb_divider][\/et_pb_column][\/et_pb_row][et_pb_row column_structure=\u00bb2_3,1_3&#8243; _builder_version=\u00bb4.16&#8243; global_colors_info=\u00bb{}\u00bb][et_pb_column type=\u00bb2_3&#8243; _builder_version=\u00bb4.16&#8243; global_colors_info=\u00bb{}\u00bb][et_pb_post_slider include_categories=\u00bball\u00bb show_arrows=\u00bboff\u00bb show_pagination=\u00bboff\u00bb use_manual_excerpt=\u00bboff\u00bb excerpt_length=\u00bb0&#8243; show_meta=\u00bboff\u00bb use_text_overlay=\u00bbon\u00bb _builder_version=\u00bb4.22.1&#8243; header_text_color=\u00bb#ffffff\u00bb background_color=\u00bbrgba(0,0,0,0)\u00bb button_alignment=\u00bbcenter\u00bb animation_style=\u00bbfade\u00bb auto=\u00bbon\u00bb auto_ignore_hover=\u00bbon\u00bb hover_transition_duration=\u00bb500ms\u00bb hover_transition_delay=\u00bb50ms\u00bb border_width_all=\u00bb5px\u00bb border_color_all=\u00bb#7f1616&#8243; border_radii_image=\u00bbon|762px|762px|762px|762px\u00bb border_width_all_image=\u00bb2px\u00bb border_color_all_image=\u00bb#7f1616&#8243; global_colors_info=\u00bb{}\u00bb][\/et_pb_post_slider][\/et_pb_column][et_pb_column type=\u00bb1_3&#8243; _builder_version=\u00bb4.16&#8243; border_color_left=\u00bb#7f1616&#8243; global_colors_info=\u00bb{}\u00bb][et_pb_blog post_type=\u00bbpage\u00bb posts_number=\u00bb1&#8243; offset_number=\u00bb3&#8243; _builder_version=\u00bb4.16&#8243; body_text_align=\u00bbleft\u00bb body_font_size=\u00bb14px\u00bb body_line_height=\u00bb1.5em\u00bb background_color=\u00bb#d1d1d1&#8243; module_alignment=\u00bbcenter\u00bb custom_margin=\u00bb25px|30px|||false|false\u00bb border_width_all_fullwidth=\u00bb4px\u00bb border_color_all_fullwidth=\u00bb#7f1616&#8243; border_style_all_fullwidth=\u00bbdouble\u00bb global_colors_info=\u00bb{}\u00bb][\/et_pb_blog][et_pb_divider divider_weight=\u00bb2px\u00bb _builder_version=\u00bb4.16&#8243; custom_margin=\u00bb-6px||||false|false\u00bb custom_padding=\u00bb0px||0px||false|false\u00bb global_colors_info=\u00bb{}\u00bb][\/et_pb_divider][et_pb_video src=\u00bbhttps:\/\/youtu.be\/siHqKtp1mRc\u00bb thumbnail_overlay_color=\u00bbrgba(0,0,0,0.6)\u00bb _builder_version=\u00bb4.16&#8243; module_alignment=\u00bbcenter\u00bb custom_margin=\u00bb||||false|false\u00bb custom_padding=\u00bb||||false|false\u00bb border_width_all=\u00bb5px\u00bb border_color_all=\u00bb#7f1616&#8243; border_style_all=\u00bbdouble\u00bb global_colors_info=\u00bb{}\u00bb][\/et_pb_video][\/et_pb_column][\/et_pb_row][et_pb_row _builder_version=\u00bb4.16&#8243; global_colors_info=\u00bb{}\u00bb][et_pb_column type=\u00bb4_4&#8243; _builder_version=\u00bb4.16&#8243; global_colors_info=\u00bb{}\u00bb][et_pb_divider divider_weight=\u00bb2px\u00bb _builder_version=\u00bb4.16&#8243; background_color=\u00bbrgba(0,0,0,0)\u00bb width=\u00bb100%\u00bb custom_margin=\u00bb-30px||-104px\u00bb custom_padding=\u00bb3px||0px\u00bb global_colors_info=\u00bb{}\u00bb][\/et_pb_divider][\/et_pb_column][\/et_pb_row][et_pb_row column_structure=\u00bb1_2,1_6,1_6,1_6&#8243; _builder_version=\u00bb4.16&#8243; background_color=\u00bb#7f1616&#8243; custom_margin=\u00bb-22px||-35px||false|false\u00bb border_radii=\u00bbon|25px|25px|25px|25px\u00bb global_colors_info=\u00bb{}\u00bb][et_pb_column type=\u00bb1_2&#8243; _builder_version=\u00bb4.16&#8243; global_colors_info=\u00bb{}\u00bb][et_pb_image src=\u00bbhttps:\/\/colegioangol.cl\/New\/wp-content\/uploads\/2019\/06\/log.png\u00bb title_text=\u00bblog\u00bb align=\u00bbright\u00bb _builder_version=\u00bb4.16&#8243; width=\u00bb59%\u00bb module_alignment=\u00bbleft\u00bb custom_margin=\u00bb20px|-2px|||false|false\u00bb global_colors_info=\u00bb{}\u00bb][\/et_pb_image][\/et_pb_column][et_pb_column type=\u00bb1_6&#8243; _builder_version=\u00bb4.16&#8243; global_colors_info=\u00bb{}\u00bb][et_pb_text disabled_on=\u00bbon|off|off\u00bb _builder_version=\u00bb4.16&#8243; text_text_color=\u00bb#ffffff\u00bb text_line_height=\u00bb1.2em\u00bb header_text_color=\u00bb#ffffff\u00bb background_layout=\u00bbdark\u00bb module_alignment=\u00bbleft\u00bb custom_margin=\u00bb||||false|false\u00bb custom_padding=\u00bb||||false|false\u00bb border_color_right=\u00bb#7f1616&#8243; global_colors_info=\u00bb{}\u00bb]<h6>Pre B\u00e1sica<\/h6>\nDirecci\u00f3n:\n\nMaip\u00fa Norte 0152, Angol.\n\nTel\u00e9fono: (45) 2716237.[\/et_pb_text][\/et_pb_column][et_pb_column type=\u00bb1_6&#8243; _builder_version=\u00bb4.16&#8243; global_colors_info=\u00bb{}\u00bb][et_pb_text disabled_on=\u00bbon|off|off\u00bb _builder_version=\u00bb4.16&#8243; background_layout=\u00bbdark\u00bb custom_margin=\u00bb||||false|false\u00bb global_colors_info=\u00bb{}\u00bb]<h6>B\u00e1sica:<\/h6>\n<p>Direcci\u00f3n: Nueva Rancagua 149, Angol.<\/p>\n<p>Tel\u00e9fono: (45) 2713650<\/p>[\/et_pb_text][\/et_pb_column][et_pb_column type=\u00bb1_6&#8243; _builder_version=\u00bb4.16&#8243; global_colors_info=\u00bb{}\u00bb][et_pb_text disabled_on=\u00bbon|off|off\u00bb _builder_version=\u00bb4.16&#8243; background_layout=\u00bbdark\u00bb custom_margin=\u00bb||||false|false\u00bb global_colors_info=\u00bb{}\u00bb]<h6>Media:<\/h6>\n<p>Direcci\u00f3n: Nueva Rancagua 149, Angol.<\/p>\n<p>Tel\u00e9fono: (45) 2719770<\/p>[\/et_pb_text][\/et_pb_column][\/et_pb_row][\/et_pb_section]\n","protected":false},"excerpt":{"rendered":"<p>Pre B\u00e1sica Direcci\u00f3n: Maip\u00fa Norte 0152, Angol. Tel\u00e9fono: (45) 2716237.B\u00e1sica: Direcci\u00f3n: Nueva Rancagua 149, Angol. Tel\u00e9fono: (45) 2713650Media: Direcci\u00f3n: Nueva Rancagua 149, Angol. Tel\u00e9fono: (45) 2719770<\/p>\n","protected":false},"author":1,"featured_media":6550,"parent":0,"menu_order":0,"comment_status":"closed","ping_status":"closed","template":"","meta":{"_et_pb_use_builder":"on","_et_pb_old_content":"","_et_gb_content_width":"","footnotes":""},"class_list":["post-4625","page","type-page","status-publish","has-post-thumbnail","hentry"],"_links":{"self":[{"href":"https:\/\/colegioangol.cl\/New\/wp-json\/wp\/v2\/pages\/4625","targetHints":{"allow":["GET"]}}],"collection":[{"href":"https:\/\/colegioangol.cl\/New\/wp-json\/wp\/v2\/pages"}],"about":[{"href":"https:\/\/colegioangol.cl\/New\/wp-json\/wp\/v2\/types\/page"}],"author":[{"embeddable":true,"href":"https:\/\/colegioangol.cl\/New\/wp-json\/wp\/v2\/users\/1"}],"replies":[{"embeddable":true,"href":"https:\/\/colegioangol.cl\/New\/wp-json\/wp\/v2\/comments?post=4625"}],"version-history":[{"count":24,"href":"https:\/\/colegioangol.cl\/New\/wp-json\/wp\/v2\/pages\/4625\/revisions"}],"predecessor-version":[{"id":7808,"href":"https:\/\/colegioangol.cl\/New\/wp-json\/wp\/v2\/pages\/4625\/revisions\/7808"}],"wp:featuredmedia":[{"embeddable":true,"href":"https:\/\/colegioangol.cl\/New\/wp-json\/wp\/v2\/media\/6550"}],"wp:attachment":[{"href":"https:\/\/colegioangol.cl\/New\/wp-json\/wp\/v2\/media?parent=4625"}],"curies":[{"name":"wp","href":"https:\/\/api.w.org\/{rel}","templated":true}]}}