{"id":255,"date":"2019-06-13T15:36:28","date_gmt":"2019-06-13T15:36:28","guid":{"rendered":"http:\/\/colegioangol.cl\/New\/?page_id=255"},"modified":"2024-12-26T14:54:51","modified_gmt":"2024-12-26T14:54:51","slug":"mision-y-vision","status":"publish","type":"page","link":"https:\/\/colegioangol.cl\/New\/colegio\/mision-y-vision\/","title":{"rendered":"Misi\u00f3n y Visi\u00f3n"},"content":{"rendered":"<p>[et_pb_section fb_built=\u00bb1&#8243; _builder_version=\u00bb4.16&#8243; background_color=\u00bb#c6c6c6&#8243; global_colors_info=\u00bb{}\u00bb][et_pb_row _builder_version=\u00bb4.16&#8243; global_colors_info=\u00bb{}\u00bb][et_pb_column type=\u00bb4_4&#8243; _builder_version=\u00bb4.16&#8243; global_colors_info=\u00bb{}\u00bb][et_pb_text _builder_version=\u00bb4.16&#8243; global_colors_info=\u00bb{}\u00bb]<\/p>\n<h1>Misi\u00f3n, Visi\u00f3n, Valores y Sellos<\/h1>\n<p>[\/et_pb_text][et_pb_divider _builder_version=\u00bb4.16&#8243; background_color=\u00bbrgba(0,0,0,0)\u00bb width=\u00bb100%\u00bb custom_margin=\u00bb-30px||-104px\u00bb custom_padding=\u00bb3px||0px\u00bb global_colors_info=\u00bb{}\u00bb][\/et_pb_divider][\/et_pb_column][\/et_pb_row][\/et_pb_section][et_pb_section fb_built=\u00bb1&#8243; _builder_version=\u00bb4.16&#8243; background_color=\u00bb#c6c6c6&#8243; global_colors_info=\u00bb{}\u00bb][et_pb_row _builder_version=\u00bb4.27.4&#8243; _module_preset=\u00bbdefault\u00bb hover_enabled=\u00bb0&#8243; sticky_enabled=\u00bb0&#8243;][et_pb_column _builder_version=\u00bb4.27.4&#8243; _module_preset=\u00bbdefault\u00bb type=\u00bb4_4&#8243;][et_pb_heading title=\u00bbMisi\u00f3n\u00bb _builder_version=\u00bb4.27.4&#8243; _module_preset=\u00bbdefault\u00bb][\/et_pb_heading][et_pb_text _builder_version=\u00bb4.27.4&#8243; _module_preset=\u00bbdefault\u00bb hover_enabled=\u00bb0&#8243; sticky_enabled=\u00bb0&#8243; custom_padding=\u00bb||0px|||\u00bb]<\/p>\n<p>Somos una comunidad educativa laica e inclusiva, que considera a la familia como un actor relevante en<br \/>el proceso educativo, que entrega una formaci\u00f3n integral, desarrollo de habilidades art\u00edsticas, deportivas y acad\u00e9micas con una base val\u00f3rica que se manifiesta en personas responsables, respetuosas, resilientes, esforzadas, perseverantes, inclusivas y honestas, capaces de aportar y desenvolverse en la sociedad.<\/p>\n<p>[\/et_pb_text][\/et_pb_column][\/et_pb_row][et_pb_row column_structure=\u00bb2_3,1_3&#8243; _builder_version=\u00bb4.16&#8243; global_colors_info=\u00bb{}\u00bb][et_pb_column type=\u00bb2_3&#8243; _builder_version=\u00bb4.16&#8243; custom_padding=\u00bb|||\u00bb global_colors_info=\u00bb{}\u00bb custom_padding__hover=\u00bb|||\u00bb][et_pb_text _builder_version=\u00bb4.27.4&#8243; hover_enabled=\u00bb0&#8243; global_colors_info=\u00bb{}\u00bb sticky_enabled=\u00bb0&#8243;]<\/p>\n<h2>Visi\u00f3n\u00a0<\/h2>\n<p>[\/et_pb_text][et_pb_divider _builder_version=\u00bb4.16&#8243; background_color=\u00bbrgba(0,0,0,0)\u00bb width=\u00bb100%\u00bb custom_margin=\u00bb-30px||-104px\u00bb custom_padding=\u00bb3px||0px\u00bb global_colors_info=\u00bb{}\u00bb][\/et_pb_divider][et_pb_text _builder_version=\u00bb4.16&#8243; custom_margin=\u00bb105px||||false|false\u00bb global_colors_info=\u00bb{}\u00bb]<\/p>\n<p>Ser una comunidad educativa reconocida a nivel nacional por ser afectiva y entregar educaci\u00f3n integral de calidad, innovadora e inclusiva, que promueva instancias de participaci\u00f3n que desarrollen la identidad local y afiancen el v\u00ednculo con la comunidad.<\/p>\n<p>[\/et_pb_text][\/et_pb_column][et_pb_column type=\u00bb1_3&#8243; _builder_version=\u00bb4.16&#8243; custom_padding=\u00bb|||\u00bb global_colors_info=\u00bb{}\u00bb custom_padding__hover=\u00bb|||\u00bb][et_pb_image _builder_version=\u00bb4.16&#8243; global_colors_info=\u00bb{}\u00bb][\/et_pb_image][\/et_pb_column][\/et_pb_row][et_pb_row column_structure=\u00bb1_3,2_3&#8243; _builder_version=\u00bb4.16&#8243; global_colors_info=\u00bb{}\u00bb][et_pb_column type=\u00bb1_3&#8243; _builder_version=\u00bb4.16&#8243; custom_padding=\u00bb|||\u00bb global_colors_info=\u00bb{}\u00bb custom_padding__hover=\u00bb|||\u00bb][et_pb_image _builder_version=\u00bb4.27.4&#8243; global_colors_info=\u00bb{}\u00bb][\/et_pb_image][\/et_pb_column][et_pb_column type=\u00bb2_3&#8243; _builder_version=\u00bb4.16&#8243; custom_padding=\u00bb|||\u00bb global_colors_info=\u00bb{}\u00bb custom_padding__hover=\u00bb|||\u00bb][et_pb_text _builder_version=\u00bb4.27.4&#8243; hover_enabled=\u00bb0&#8243; global_colors_info=\u00bb{}\u00bb sticky_enabled=\u00bb0&#8243;]<\/p>\n<h2>Valores<\/h2>\n<p>[\/et_pb_text][et_pb_divider _builder_version=\u00bb4.16&#8243; background_color=\u00bbrgba(0,0,0,0)\u00bb width=\u00bb100%\u00bb custom_margin=\u00bb-30px||-104px\u00bb custom_padding=\u00bb3px||0px\u00bb global_colors_info=\u00bb{}\u00bb][\/et_pb_divider][et_pb_text _builder_version=\u00bb4.16&#8243; custom_margin=\u00bb105px||||false|false\u00bb global_colors_info=\u00bb{}\u00bb]<\/p>\n<p>&nbsp;<\/p>\n<p>Se declaran como <strong>valores institucionales<\/strong>\u00a0 los siguientes:<\/p>\n<p>\u00a0&#8211; Respeto, entendi\u00e9ndolo como aquel valor que permite a un hombre reconocer, aceptar, apreciar y valorar las cualidades del pr\u00f3jimo y las propias, como tambi\u00e9n las cualidades de otras formas de vida presentes en la naturaleza.<\/p>\n<p>&#8211; Inclusividad, como aquel valor que busca aceptar a todas las personas sin importar su condici\u00f3n (f\u00edsica, cognitiva, social y\/o cultural), y hacerlas part\u00edcipes de nuestras actividades cotidianas.<\/p>\n<p>&#8211; Afectividad, como el conjunto de emociones que permite vincularnos de manera positiva dentro de nuestro hogar, colegio, amistades, trabajo, u otros contextos.<\/p>\n<p>&#8211; Responsabilidad, como aquel valor que permite cumplir con el deber tanto escolar como laboral y social, pues en ella est\u00e1 impl\u00edcita la confianza que los dem\u00e1s depositar\u00e1n en cada integrante de esta comunidad.<\/p>\n<p>&#8211; Honestidad, entendida como aquel valor que busca la coherencia y sinceridad en mi actuar, y estos actos reflejan realmente lo que pienso y siento.<\/p>\n<p>&#8211; Resiliencia, entendida como la capacidad que posee el ser humano de sobreponerse a las dificultades que la vida le depara, la resiliencia en este sentido se asume como esfuerzo m\u00e1s perseverancia.<\/p>\n<p>&#8211; Esfuerzo, entendido como la adquisici\u00f3n progresiva del \u201csoy capaz\u201d, que permite al ser<br \/>humano desarrollar habilidades y potencialidades que se enfoquen en su objetivo de vida.<\/p>\n<p>&#8211; Perseverancia, entendi\u00e9ndose como aquel valor que permite alcanzar los objetivos propuestos,<br \/>haciendo frente a los obst\u00e1culos que aparezcan en el camino.<\/p>\n<p>La unidad educativa se caracteriza adem\u00e1s por promover y aceptar la diversidad, ya sea intelectual, de g\u00e9nero, \u00e9tnico, social, religiosa, deportiva o art\u00edstica, y pretende ser un centro de desarrollo para la comunidad en estos sentidos.<\/p>\n<p>&nbsp;<\/p>\n<p>&nbsp;<\/p>\n<p>[\/et_pb_text][\/et_pb_column][\/et_pb_row][et_pb_row column_structure=\u00bb2_3,1_3&#8243; _builder_version=\u00bb4.16&#8243; global_colors_info=\u00bb{}\u00bb][et_pb_column type=\u00bb2_3&#8243; _builder_version=\u00bb4.16&#8243; custom_padding=\u00bb|||\u00bb global_colors_info=\u00bb{}\u00bb custom_padding__hover=\u00bb|||\u00bb][et_pb_text _builder_version=\u00bb4.16&#8243; global_colors_info=\u00bb{}\u00bb]<\/p>\n<h2>Sellos Educativos del Colegio Angol<\/h2>\n<p>[\/et_pb_text][et_pb_divider _builder_version=\u00bb4.16&#8243; background_color=\u00bbrgba(0,0,0,0)\u00bb width=\u00bb100%\u00bb custom_margin=\u00bb-30px||-104px\u00bb custom_padding=\u00bb3px||0px\u00bb global_colors_info=\u00bb{}\u00bb][\/et_pb_divider][et_pb_text _builder_version=\u00bb4.16&#8243; custom_margin=\u00bb105px||||false|false\u00bb global_colors_info=\u00bb{}\u00bb]<\/p>\n<ul>\n<li>Inclusi\u00f3n y diversidad<\/li>\n<li>Excelencia acad\u00e9mica<\/li>\n<li>Desarrollo Integral a trav\u00e9s del arte, los deportes y la cultura.<\/li>\n<li>Educaci\u00f3n en valores<\/li>\n<\/ul>\n<p>[\/et_pb_text][\/et_pb_column][et_pb_column type=\u00bb1_3&#8243; _builder_version=\u00bb4.16&#8243; custom_padding=\u00bb|||\u00bb global_colors_info=\u00bb{}\u00bb custom_padding__hover=\u00bb|||\u00bb][et_pb_image _builder_version=\u00bb4.16&#8243; global_colors_info=\u00bb{}\u00bb][\/et_pb_image][\/et_pb_column][\/et_pb_row][\/et_pb_section]<\/p>\n","protected":false},"excerpt":{"rendered":"<p>Misi\u00f3n, Visi\u00f3n, Valores y SellosSomos una comunidad educativa laica e inclusiva, que considera a la familia como un actor relevante enel proceso educativo, que entrega una formaci\u00f3n integral, desarrollo de habilidades art\u00edsticas, deportivas y acad\u00e9micas con una base val\u00f3rica que se manifiesta en personas responsables, respetuosas, resilientes, esforzadas, perseverantes, inclusivas y honestas, capaces de aportar [&hellip;]<\/p>\n","protected":false},"author":1,"featured_media":0,"parent":503,"menu_order":0,"comment_status":"closed","ping_status":"closed","template":"","meta":{"_et_pb_use_builder":"on","_et_pb_old_content":"","_et_gb_content_width":"","footnotes":""},"class_list":["post-255","page","type-page","status-publish","hentry"],"_links":{"self":[{"href":"https:\/\/colegioangol.cl\/New\/wp-json\/wp\/v2\/pages\/255","targetHints":{"allow":["GET"]}}],"collection":[{"href":"https:\/\/colegioangol.cl\/New\/wp-json\/wp\/v2\/pages"}],"about":[{"href":"https:\/\/colegioangol.cl\/New\/wp-json\/wp\/v2\/types\/page"}],"author":[{"embeddable":true,"href":"https:\/\/colegioangol.cl\/New\/wp-json\/wp\/v2\/users\/1"}],"replies":[{"embeddable":true,"href":"https:\/\/colegioangol.cl\/New\/wp-json\/wp\/v2\/comments?post=255"}],"version-history":[{"count":33,"href":"https:\/\/colegioangol.cl\/New\/wp-json\/wp\/v2\/pages\/255\/revisions"}],"predecessor-version":[{"id":7743,"href":"https:\/\/colegioangol.cl\/New\/wp-json\/wp\/v2\/pages\/255\/revisions\/7743"}],"up":[{"embeddable":true,"href":"https:\/\/colegioangol.cl\/New\/wp-json\/wp\/v2\/pages\/503"}],"wp:attachment":[{"href":"https:\/\/colegioangol.cl\/New\/wp-json\/wp\/v2\/media?parent=255"}],"curies":[{"name":"wp","href":"https:\/\/api.w.org\/{rel}","templated":true}]}}